{"id":28,"date":"2014-08-01T21:19:58","date_gmt":"2014-08-01T19:19:58","guid":{"rendered":"http:\/\/www.pace-e-bene.de\/n\/?page_id=28"},"modified":"2019-06-07T10:54:07","modified_gmt":"2019-06-07T08:54:07","slug":"das-kreuz-von-san-damiano","status":"publish","type":"page","link":"https:\/\/www.pace-e-bene.de\/n\/franziskus-und-klara\/das-kreuz-von-san-damiano\/","title":{"rendered":"Das Kreuz von San Damiano"},"content":{"rendered":"<p><img decoding=\"async\" src=\"https:\/\/www.pace-e-bene.de\/n\/wp-content\/uploads\/2014\/08\/Kreuz_von_San_Damiano.png\" alt=\"Kreuz_von_San_Damiano\" class=\"alignright size-medium wp-image-107\">Das Kreuz von San Dami\u00ada\u00adno ist als Iko\u00adne im 12. Jahr\u00adhun\u00addert von einem syri\u00adschen M\u00f6nch gemalt wor\u00adden. Es zeigt Chris\u00adtus als den Auf\u00ader\u00adstan\u00adde\u00adnen und Ver\u00adherr\u00adlich\u00adten. Hin\u00adter sei\u00adnen aus\u00adge\u00adspann\u00adten Armen ist das lee\u00adre Grab erkenn\u00adbar. Rechts und links kom\u00admen die Frau\u00aden zum lee\u00adren Grab. Unter den Armen des Gekreu\u00adzig\u00adten sind jeweils zwei Engel sicht\u00adbar, die sich am lee\u00adren Grab in leb\u00adhaf\u00adtem Gespr\u00e4ch ein\u00adan\u00adder zuwen\u00adden und mit ihren H\u00e4n\u00adden auf den Herrn weisen.<\/p>\n<p>Unter dem Kreuz und den aus\u00adge\u00adbrei\u00adte\u00adten Armen Jesu hat der Maler der Iko\u00adne f\u00fcnf Per\u00adso\u00adnen ange\u00adord\u00adnet, deren Namen zu ihren F\u00fc\u00dfen notiert sind: Maria; Johan\u00adnes; Maria Mag\u00adda\u00adle\u00adna; Maria, die Mut\u00adter des Jako\u00adbus; der Haupt\u00admann. Alle die\u00adse Gestal\u00adten haben exakt die glei\u00adche Sta\u00adtur. Alle haben sie die gro\u00ad\u00dfen Augen, den klei\u00adnen Mund und das ova\u00adle Gesicht, wie sie sich auch bei Jesus fin\u00adden. Und wenn wir Jesus <img loading=\"lazy\" decoding=\"async\" src=\"https:\/\/www.pace-e-bene.de\/n\/wp-content\/uploads\/2014\/08\/Kreuz_von_San_Damiano_Detail_links-110x300.jpg\" alt=\"Kreuz_von_San_Damiano_Detail_links\" class=\"alignleft size-medium wp-image-105\" width=\"110\" height=\"300\"> betrach\u00adten, fin\u00adden wir an ihm die glei\u00adchen Merk\u00adma\u00adle wie\u00adder. Dies erin\u00adnert an das Pau\u00adlus\u00adwort: \u201cAlle, die Gott im Vor\u00adaus erkannt hat, hat er auch im Vor\u00adaus dazu bestimmt, an Wesen und Gestalt sei\u00adnes Soh\u00adnes teil\u00adzu\u00adha\u00adben\u201c (R\u00f6m 8,29). Maria nimmt den Ehren\u00adplatz zur Rech\u00adten Jesu ein. Mit der rech\u00adten Hand ver\u00adweist sie auf ihren Sohn. Der hat sie Johan\u00adnes zur Mut\u00adter gege\u00adben. Johan\u00adnes nimmt wie beim letz\u00adten Abend\u00admahl in unmit\u00adtel\u00adba\u00adrem Kon\u00adtakt zu Jesus den inti\u00admen Platz an sei\u00adner Sei\u00adte ein, direkt unter der Sei\u00adten\u00adwun\u00adde. Auch sei\u00adne rech\u00adte Hand ist auf Jesus gerich\u00adtet. Sein Man\u00adtel tr\u00e4gt die Far\u00adbe rosa als Zei\u00adchen der Lie\u00adbe zur ewi\u00adgen Weis\u00adheit. Die wei\u00ad\u00dfe Tuni\u00adka steht f\u00fcr die Keuschheit.<\/p>\n<p>Zur Lin\u00adken Jesu fin\u00addet sich Maria Mag\u00adda\u00adle\u00adna, geklei\u00addet im roten Gewand der Lie\u00adbe. Sie ber\u00fchrt mit ihrem Haupt die ande\u00adre Maria, Zei\u00adchen f\u00fcr das inni\u00adge Gespr\u00e4ch und den Aus\u00adtausch \u00fcber das Geheim\u00adnis, das sie erfah\u00adren haben. Maria Mag\u00adda\u00adle\u00adna d\u00fcrf\u00adte den Apos\u00adteln die fro\u00adhe Bot\u00adschaft des Oster\u00admor\u00adgens \u00fcber\u00adbrin\u00adgen: \u201cIch habe den Herrn gese\u00adhen\u201c (Joh 20,18). Die ande\u00adre Maria war nach Mat\u00adth\u00e4\u00adus (vgl. Mt 27,56; 13,55) die Mut\u00adter des Jako\u00adbus, des Vet\u00adters&nbsp;Jesu.<\/p>\n<p>Die f\u00fcnf\u00adte Gestalt ist der Haupt\u00admann, der k\u00f6nig\u00adli\u00adche Beam\u00adte, des\u00adsen Sohn Jesus aus der Fer\u00adne geheilt hat (vgl. Joh 4,46). Von die\u00adsem Mann erz\u00e4hlt der Evan\u00adge\u00adlist Johan\u00adnes, dass er zum Glau\u00adben kam, eben\u00adso wie sei\u00adne gesam\u00adte Fami\u00adlie (vgl. Joh 4,53). Auf sei\u00adner lin\u00adken Schul\u00adter ist das Gesicht sei\u00adnes Soh\u00adnes zu sehen. Dahin\u00adter die Stirn von drei wei\u00adte\u00adren Per\u00adso\u00adnen, die hin\u00adter ihm ste\u00adhen. Sie stel\u00adlen die gesam\u00adte Fami\u00adlie des Haupt\u00admanns dar, die zum Glau\u00adben gef\u00fchrt wor\u00adden ist. Der Haupt\u00admann h\u00e4lt ein St\u00fcck Holz in der Hand. Dies bezieht sich auf die Syn\u00adago\u00adge, die er in Kafar\u00adna\u00adum gebaut hat, gem\u00e4\u00df der Erz\u00e4h\u00adlung in Lukas 7,5.<\/p>\n<p><img loading=\"lazy\" decoding=\"async\" src=\"https:\/\/www.pace-e-bene.de\/n\/wp-content\/uploads\/2014\/08\/Kreuz_von_San_Damiano_Detail_rechts-127x300.jpg\" alt=\"Kreuz_von_San_Damiano_Detail_rechts\" class=\"alignright size-medium wp-image-107\" width=\"127\" height=\"300\">Vor Maria und dem Haupt\u00admann sind zwei klei\u00adne Gestal\u00adten dar\u00adge\u00adstellt. Die Uni\u00adform weist die lin\u00adke Per\u00adson als r\u00f6mi\u00adschen Sol\u00adda\u00adten aus. Die Gestalt zur Rech\u00adten nimmt die glei\u00adche Posi\u00adti\u00adon ein wie jene zu Lin\u00adken: Das Knie ange\u00adho\u00adben, die Hand auf der H\u00fcf\u00adte, den Blick auf Jesus gerich\u00adtet. Die\u00adse Kor\u00adre\u00adspon\u00addenz ver\u00adweist auf die bei\u00adden Grup\u00adpie\u00adrun\u00adgen, die mit der Hin\u00adrich\u00adtung Jesu beauf\u00adtragt waren, die R\u00f6mer und die&nbsp;Juden.<\/p>\n<p>Nahe am lin\u00adken Bein Jesu hat der K\u00fcnst\u00adler einen Hahn gemalt. F\u00fcr die Men\u00adschen im Alter\u00adtum, die der Natur so ver\u00adbun\u00adden waren, war der Hahn zum Sym\u00adbol der auf\u00adge\u00adhen\u00adden Son\u00adne gewor\u00adden. Er ver\u00adweist auf den auf\u00ader\u00adstan\u00adde\u00adnen, auf Chris\u00adtus als das \u201eLicht der&nbsp;Welt\u201c.<\/p>\n<p>Am Fu\u00df des Kreu\u00adzes sind nur noch zwei Gestal\u00adten erhal\u00adten. Die rest\u00adli\u00adchen sind ver\u00admut\u00adlich der Andacht der Gl\u00e4u\u00adbi\u00adgen zum Opfer gefal\u00adlen, die den unte\u00adren Rand der Iko\u00adne mit K\u00fcs\u00adsen ver\u00adehrt haben. Die Gestal\u00adten tra\u00adgen einen Kranz und befin\u00adden sich im Bereich, der von den Muscheln ein\u00adge\u00adgrenzt wird: Kenn\u00adzei\u00adchen des Got\u00adtes\u00adrei\u00adches. Sie ste\u00adhen f\u00fcr die noch leben\u00adden Gl\u00e4u\u00adbi\u00adgen, die den Auf\u00ader\u00adstan\u00adde\u00adnen sp\u00e4\u00adter von Ange\u00adsicht zu Ange\u00adsicht schau\u00aden werden.<\/p>\n<p>\u00dcber dem Glo\u00adri\u00aden\u00adschein ist eine Inschrift erkenn\u00adbar. Die Buch\u00adsta\u00adben <span class=\"caps\">IHS<\/span> sind die ers\u00adten drei Buch\u00adsta\u00adben des Namens <span class=\"caps\">JESUS<\/span> in grie\u00adchi\u00adschen Gro\u00df\u00adbuch\u00adsta\u00adben: <span class=\"caps\">IHSOYS<\/span>. Dem\u00adnach bedeu\u00adtet die gesam\u00adte Inschrift: <span class=\"caps\">JESU<\/span>, <span class=\"caps\">DER<\/span> <span class=\"caps\">NAZARENER<\/span>, <span class=\"caps\">K\u00d6NIG<\/span> <span class=\"caps\">DER<\/span> <span class=\"caps\">JUDEN<\/span>. Die Inschrift ver\u00adweist auf die Tafel, die Pila\u00adtus am Kreuz hat anbrin\u00adgen las\u00adsen. Sie ist zugleich Bekennt\u00adnis des Glaubens.<\/p>\n<p><img loading=\"lazy\" decoding=\"async\" src=\"https:\/\/www.pace-e-bene.de\/n\/wp-content\/uploads\/2014\/08\/Kreuz_von_San_Damiano_Detail_oben-137x300.jpg\" alt=\"Kreuz_von_San_Damiano_Detail_oben\" class=\"alignleft size-medium wp-image-106\" width=\"137\" height=\"300\" srcset=\"https:\/\/www.pace-e-bene.de\/n\/wp-content\/uploads\/2014\/08\/Kreuz_von_San_Damiano_Detail_oben-137x300.jpg 137w, https:\/\/www.pace-e-bene.de\/n\/wp-content\/uploads\/2014\/08\/Kreuz_von_San_Damiano_Detail_oben.jpg 150w\" sizes=\"auto, (max-width: 137px) 100vw, 137px\">Ein Medail\u00adlon im obe\u00adren Teil der Iko\u00adne zeigt Jesus bei sei\u00adner Him\u00admel\u00adfahrt. Sein gold\u00adfar\u00adbe\u00adnes Gewand ver\u00adweist auf sei\u00adnen Sieg und sein K\u00f6nig\u00adtum. Von sei\u00adner Schul\u00adter weht eine rote Sto\u00adla als Zei\u00adchen sei\u00adner Herr\u00adschaft: Eine Herr\u00adschaft, die in Lie\u00adbe aus\u00adge\u00ad\u00fcbt wird (1 Makk 10,64).<\/p>\n<p>In sei\u00adner lin\u00adken Hand h\u00e4lt Jesus ein Kreuz, das Instru\u00adment sei\u00adnes Sie\u00adges. Aber jetzt ist es ein gol\u00adde\u00adnes Kreuz und wird zum \u201cZep\u00adter sei\u00adner Herr\u00adschaft, zum gerech\u00adten Zep\u00adter\u201c (Ps 45,7). Die Engel, die ihm einen Emp\u00adfang berei\u00adten, sind in Rot und in Gold geklei\u00addet: Sie tra\u00adgen sei\u00adne Farben.<\/p>\n<p>Am obe\u00adren Rand der Iko\u00adne befin\u00addet sich ein Halb\u00adme\u00addail\u00adlon. In ihm erscheint eine rech\u00adte Hand, in der Ges\u00adte des Seg\u00adnens. Sie sym\u00adbo\u00adli\u00adsiert die rech\u00adte Hand des Vaters. Er seg\u00adnet mit dem Geschenk des Hei\u00adli\u00adgen Geistes.<\/p>\n<p>Das Kreuz\u00adbild von San Dami\u00ada\u00adno stellt kom\u00adpri\u00admiert das gesam\u00adte Heils\u00adwerk Chris\u00adti dar, wie es im Glau\u00adbens\u00adbe\u00adkennt\u00adnis aus\u00adge\u00adsagt wird: \u201cGekreu\u00adzigt, gestor\u00adben und begra\u00adben, hin\u00adab\u00adge\u00adstie\u00adgen in das Reich des Todes, am drit\u00adten Tage auf\u00ader\u00adstan\u00adden von den Toten, auf\u00adge\u00adfah\u00adren in den Him\u00admel. Er sitzt zur Rech\u00adten Got\u00adtes, des all\u00adm\u00e4ch\u00adti\u00adgen Vaters. Von dort wird er kom\u00admen, zu rich\u00adten die Leben\u00adden und die&nbsp;Toten.\u201c<\/p>\n<p>Durch die\u00adses Kreuz wur\u00adde Fran\u00adzis\u00adkus ange\u00adspro\u00adchen und in den Dienst der Kir\u00adche geru\u00adfen. Er hat damals geant\u00adwor\u00adtet: \u201cH\u00f6chs\u00adter, glor\u00adrei\u00adcher Gott! Erleuch\u00adte die Fins\u00adter\u00adnis mei\u00adnes Her\u00adzens, schen\u00adke mir rech\u00adten Glau\u00adben, gefes\u00adtig\u00adte Hoff\u00adnung und voll\u00adende\u00adte Lie\u00adbe. Gib mir, Herr, das rech\u00adte Emp\u00adfin\u00adden und Erken\u00adnen, damit ich dei\u00adnen hei\u00adli\u00adgen Auf\u00adtrag erf\u00fcl\u00adle, den du mir in Wahr\u00adheit gege\u00adben&nbsp;hast.\u201c<\/p>\n<p>Quel\u00adle: Inter\u00adfran\u00adzis\u00adka\u00adni\u00adschen Arbeits\u00adge\u00admein\u00adschaft \u2013&nbsp;<span class=\"caps\">INFAG<\/span><\/p>\n","protected":false},"excerpt":{"rendered":"<p>Das Kreuz von San Dami\u00ada\u00adno ist als Iko\u00adne im 12. Jahr\u00adhun\u00addert von einem syri\u00adschen M\u00f6nch gemalt wor\u00adden. Es zeigt Chris\u00adtus als den Auf\u00ader\u00adstan\u00adde\u00adnen und Ver\u00adherr\u00adlich\u00adten. Hin\u00adter sei\u00adnen aus\u00adge\u00adspann\u00adten Armen ist das lee\u00adre Grab erkenn\u00adbar. Rechts und links kom\u00admen die Frau\u00aden zum lee\u00adren Grab. Unter den Armen des Gekreu\u00adzig\u00adten sind jeweils zwei Engel sicht\u00adbar, die&nbsp;sich&nbsp;[\u2026]<\/p>\n","protected":false},"author":1,"featured_media":0,"parent":16,"menu_order":0,"comment_status":"closed","ping_status":"closed","template":"","meta":{"wp_typography_post_enhancements_disabled":false,"footnotes":""},"class_list":["post-28","page","type-page","status-publish","hentry"],"_links":{"self":[{"href":"https:\/\/www.pace-e-bene.de\/n\/wp-json\/wp\/v2\/pages\/28","targetHints":{"allow":["GET"]}}],"collection":[{"href":"https:\/\/www.pace-e-bene.de\/n\/wp-json\/wp\/v2\/pages"}],"about":[{"href":"https:\/\/www.pace-e-bene.de\/n\/wp-json\/wp\/v2\/types\/page"}],"author":[{"embeddable":true,"href":"https:\/\/www.pace-e-bene.de\/n\/wp-json\/wp\/v2\/users\/1"}],"replies":[{"embeddable":true,"href":"https:\/\/www.pace-e-bene.de\/n\/wp-json\/wp\/v2\/comments?post=28"}],"version-history":[{"count":9,"href":"https:\/\/www.pace-e-bene.de\/n\/wp-json\/wp\/v2\/pages\/28\/revisions"}],"predecessor-version":[{"id":2399,"href":"https:\/\/www.pace-e-bene.de\/n\/wp-json\/wp\/v2\/pages\/28\/revisions\/2399"}],"up":[{"embeddable":true,"href":"https:\/\/www.pace-e-bene.de\/n\/wp-json\/wp\/v2\/pages\/16"}],"wp:attachment":[{"href":"https:\/\/www.pace-e-bene.de\/n\/wp-json\/wp\/v2\/media?parent=28"}],"curies":[{"name":"wp","href":"https:\/\/api.w.org\/{rel}","templated":true}]}}